{"id":88,"date":"2023-08-13T06:57:47","date_gmt":"2023-08-13T06:57:47","guid":{"rendered":"http:\/\/www.willawarpaat.fi\/?page_id=88"},"modified":"2025-11-15T11:01:31","modified_gmt":"2025-11-15T11:01:31","slug":"hinnasto-2","status":"publish","type":"page","link":"http:\/\/www.willawarpaat.fi\/?page_id=88","title":{"rendered":"Hinnasto"},"content":{"rendered":"\n<p class=\"has-medium-font-size\"><strong>Jalkojenhoito kotik\u00e4yntin\u00e4&nbsp; &nbsp; &nbsp; 65 euroa<\/strong><\/p>\n\n\n\n<p>sis\u00e4lt\u00e4\u00e4 jalkojen tutkimuksen, jalkakylvyn, iho- ja kynsimuutosten hoidon sek\u00e4 omahoito-ohjeet. My\u00f6s diabeetikoille ja reumaatikoille.<\/p>\n\n\n\n<p>Hintaan sis\u00e4ltyy kotik\u00e4ynti J\u00e4rvenp\u00e4\u00e4ss\u00e4 ja sovittaessa l\u00e4hialueilla.<\/p>\n\n\n\n<p><strong>Lahjakortit&nbsp;<\/strong><\/p>\n","protected":false},"excerpt":{"rendered":"<p>Jalkojenhoito kotik\u00e4yntin\u00e4&nbsp; &nbsp; &nbsp; 65 euroa sis\u00e4lt\u00e4\u00e4 jalkojen tutkimuksen, jalkakylvyn, iho- ja kynsimuutosten hoidon sek\u00e4 omahoito-ohjeet. My\u00f6s diabeetikoille ja reumaatikoille. Hintaan sis\u00e4ltyy kotik\u00e4ynti J\u00e4rvenp\u00e4\u00e4ss\u00e4 ja sovittaessa l\u00e4hialueilla. Lahjakortit&nbsp;<\/p>\n","protected":false},"author":1,"featured_media":0,"parent":0,"menu_order":0,"comment_status":"closed","ping_status":"closed","template":"","meta":{"footnotes":""},"class_list":["post-88","page","type-page","status-publish","hentry"],"_links":{"self":[{"href":"http:\/\/www.willawarpaat.fi\/index.php?rest_route=\/wp\/v2\/pages\/88","targetHints":{"allow":["GET"]}}],"collection":[{"href":"http:\/\/www.willawarpaat.fi\/index.php?rest_route=\/wp\/v2\/pages"}],"about":[{"href":"http:\/\/www.willawarpaat.fi\/index.php?rest_route=\/wp\/v2\/types\/page"}],"author":[{"embeddable":true,"href":"http:\/\/www.willawarpaat.fi\/index.php?rest_route=\/wp\/v2\/users\/1"}],"replies":[{"embeddable":true,"href":"http:\/\/www.willawarpaat.fi\/index.php?rest_route=%2Fwp%2Fv2%2Fcomments&post=88"}],"version-history":[{"count":3,"href":"http:\/\/www.willawarpaat.fi\/index.php?rest_route=\/wp\/v2\/pages\/88\/revisions"}],"predecessor-version":[{"id":106,"href":"http:\/\/www.willawarpaat.fi\/index.php?rest_route=\/wp\/v2\/pages\/88\/revisions\/106"}],"wp:attachment":[{"href":"http:\/\/www.willawarpaat.fi\/index.php?rest_route=%2Fwp%2Fv2%2Fmedia&parent=88"}],"curies":[{"name":"wp","href":"https:\/\/api.w.org\/{rel}","templated":true}]}}